{"id":5344,"date":"2021-11-21T15:14:19","date_gmt":"2021-11-21T15:14:19","guid":{"rendered":"https:\/\/www.sigegs.ch\/membres-individuels\/"},"modified":"2025-12-23T08:03:10","modified_gmt":"2025-12-23T08:03:10","slug":"membres-individuels","status":"publish","type":"page","link":"https:\/\/www.sigegs.ch\/fr\/membres-individuels\/","title":{"rendered":"Membres individuels"},"content":{"rendered":"\t\t<div data-elementor-type=\"wp-page\" data-elementor-id=\"5344\" class=\"elementor elementor-5344 elementor-14\" data-elementor-post-type=\"page\">\n\t\t\t\t\t\t<section class=\"elementor-section elementor-top-section elementor-element elementor-element-c8ddeb6 elementor-section-height-min-height elementor-section-boxed elementor-section-height-default elementor-section-items-middle\" data-id=\"c8ddeb6\" data-element_type=\"section\" data-settings=\"{&quot;background_background&quot;:&quot;classic&quot;}\">\n\t\t\t\t\t\t\t<div class=\"elementor-background-overlay\"><\/div>\n\t\t\t\t\t\t\t<div class=\"elementor-container elementor-column-gap-default\">\n\t\t\t\t\t<div class=\"elementor-column elementor-col-100 elementor-top-column elementor-element elementor-element-6a5337e\" data-id=\"6a5337e\" data-element_type=\"column\">\n\t\t\t<div class=\"elementor-widget-wrap elementor-element-populated\">\n\t\t\t\t\t\t<div class=\"elementor-element elementor-element-feefb6c elementor-widget elementor-widget-heading\" data-id=\"feefb6c\" data-element_type=\"widget\" data-widget_type=\"heading.default\">\n\t\t\t\t<div class=\"elementor-widget-container\">\n\t\t\t\t\t<h1 class=\"elementor-heading-title elementor-size-default\">Membres individuels<\/h1>\t\t\t\t<\/div>\n\t\t\t\t<\/div>\n\t\t\t\t\t<\/div>\n\t\t<\/div>\n\t\t\t\t\t<\/div>\n\t\t<\/section>\n\t\t\t\t<section class=\"elementor-section elementor-top-section elementor-element elementor-element-034f786 elementor-section-boxed elementor-section-height-default elementor-section-height-default\" data-id=\"034f786\" data-element_type=\"section\">\n\t\t\t\t\t\t<div class=\"elementor-container elementor-column-gap-default\">\n\t\t\t\t\t<div class=\"elementor-column elementor-col-100 elementor-top-column elementor-element elementor-element-ba0c118\" data-id=\"ba0c118\" data-element_type=\"column\">\n\t\t\t<div class=\"elementor-widget-wrap elementor-element-populated\">\n\t\t\t\t\t\t<div class=\"elementor-element elementor-element-e7f0d7a elementor-widget elementor-widget-text-editor\" data-id=\"e7f0d7a\" data-element_type=\"widget\" data-widget_type=\"text-editor.default\">\n\t\t\t\t<div class=\"elementor-widget-container\">\n\t\t\t\t\t\t\t\t\t<div>La SIGEGS compte 49 membres individuels. Ci-dessous, les membres qui peuvent \u00eatre cit\u00e9s :<\/div>\n<div>&nbsp;<\/div>\n<ul>\n<li>Atelier de restauration du couvent des Cordeliers<\/li>\n<li><a href=\"https:\/\/www.atelier-rothe.ch\/atelier\/atelier.html\" target=\"_blank\" rel=\"noopener\">Atelier Michael Rothe<\/a><\/li>\n<li>Atelier Simone Flubacher<\/li>\n<li><span style=\"color: var(--ast-global-color-3); font-style: inherit; font-weight: inherit;\">B\u00e4chler Meret , <\/span><a href=\"https:\/\/schriftgut-restaurierung.ch\/\" target=\"_blank\" rel=\"noopener\">Restauration de documents<\/a><\/li>\n<li><span style=\"color: var(--ast-global-color-3); font-style: inherit; font-weight: inherit;\">Baumgartner Luise<\/span><\/li>\n<li><span style=\"color: var(--ast-global-color-3); font-style: inherit; font-weight: inherit;\">Boillat Pierre<\/span><\/li>\n<li><span style=\"color: var(--ast-global-color-3); font-style: inherit; font-weight: inherit;\">Bucher Cordelia<\/span><\/li>\n<li>Dauwalder Lea<\/li>\n<li><span style=\"color: var(--ast-global-color-3); font-style: inherit; font-weight: inherit;\">Drechsel Berit<\/span><\/li>\n<li>Ebneter Agatha, <a href=\"https:\/\/buchrestaurierungen.ch\/\">Restaurations de livres<\/a><\/li>\n<li><span style=\"color: var(--ast-global-color-3); font-style: inherit; font-weight: inherit;\">Fritschi Markus , <\/span><a href=\"https:\/\/www.curesys.ch\/angebot\/expertisen\/\" target=\"_blank\" rel=\"noopener\">CURESYS AG<\/a><\/li>\n<li>Fumagalli Eugenio, Conservation et restauration d&rsquo;\u0153uvres d&rsquo;arts sur papier<\/li>\n<li>Gindroz Iseli Florane, <a href=\"https:\/\/www.atelierpourlepapier.ch\/\" target=\"_blank\" rel=\"noopener\">Atelier pour le papier S\u00e0rl<\/a><\/li>\n<li>Hug Buffo Anna<\/li>\n<li>H\u00fcrlimann Florian, Mus\u00e9e d&rsquo;art de Thurgovie<\/li>\n<li>Jeanneret Carole, <a href=\"https:\/\/www.alivreouvert.ch\/\">Atelier \u00ab\u00a0A livre ouvert<\/a><\/li>\n<li>Jeannottat Laure<\/li>\n<li>Karli Chantal, Atelier de restauration<\/li>\n<li>Lissner Birgit, Recherche arch\u00e9ologique au sol de B\u00e2le-Ville<\/li>\n<li>L\u00fcthi Mo, <a href=\"http:\/\/papieratelierluethi.ch\/\">papieratelier l\u00fcthi<\/a><\/li>\n<li>L\u00fcthi Patrick<\/li>\n<li>Peterer Lea<\/li>\n<li>Petro David, <a href=\"https:\/\/atelierstrebel.ch\/dienstleistungen.html\" target=\"_blank\" rel=\"noopener\">Atelier Strebel AG<\/a><\/li>\n<li>Raymann-Helbling Monika, <a href=\"https:\/\/www.buchrestaurierung.ch\/home\" target=\"_blank\" rel=\"noopener\">Atelier Raymann Restauration de livres<\/a><\/li>\n<li>Reding Nadine, <a href=\"https:\/\/www.atelier-reding.ch\/\" target=\"_blank\" rel=\"noopener\">Atelier Reding<\/a><\/li>\n<li>Sauvin Charlotte<\/li>\n<li style=\"font-size: 18px;\">Schwengeler J\u00fcrg <a href=\"https:\/\/www.oekopack.ch\/\" target=\"_blank\" rel=\"noopener\">Oekopack Conservus AG<\/a><\/li>\n<li>Spalinger Manfred <a href=\"https:\/\/www.archivdienst.ch\/\" target=\"_blank\" rel=\"noopener\">Service des archives Spalinger<\/a><\/li>\n<li style=\"font-size: 18px;\">Stein Maja, <a href=\"https:\/\/www.majastein.ch\/\" target=\"_blank\" rel=\"noopener\">Atelier Stein pour la restauration de livres et de papier<\/a><\/li>\n<li>Viard Andr\u00e9, <a href=\"https:\/\/www.viarius.ch\/index.php\" target=\"_blank\" rel=\"noopener\">Librairie ancienne Viarius<\/a><\/li>\n<li>Wandeler Josef<\/li>\n<li>Hiver Beatrice<\/li>\n<li>Zellweger Clara<\/li>\n<\/ul>\t\t\t\t\t\t\t\t<\/div>\n\t\t\t\t<\/div>\n\t\t\t\t\t<\/div>\n\t\t<\/div>\n\t\t\t\t\t<\/div>\n\t\t<\/section>\n\t\t\t\t<\/div>\n\t\t","protected":false},"excerpt":{"rendered":"<p>Membres individuels La SIGEGS compte 49 membres individuels. Ci-dessous, les membres qui peuvent \u00eatre cit\u00e9s : &nbsp; Atelier de restauration du couvent des Cordeliers Atelier Michael Rothe Atelier Simone Flubacher B\u00e4chler Meret , Restauration de documents Baumgartner Luise Boillat Pierre Bucher Cordelia Dauwalder Lea Drechsel Berit Ebneter Agatha, Restaurations de livres Fritschi Markus , CURESYS [&hellip;]<\/p>\n","protected":false},"author":1,"featured_media":0,"parent":0,"menu_order":0,"comment_status":"closed","ping_status":"closed","template":"","meta":{"_acf_changed":false,"site-sidebar-layout":"no-sidebar","site-content-layout":"page-builder","ast-site-content-layout":"","site-content-style":"default","site-sidebar-style":"default","ast-global-header-display":"","ast-banner-title-visibility":"","ast-main-header-display":"","ast-hfb-above-header-display":"","ast-hfb-below-header-display":"","ast-hfb-mobile-header-display":"","site-post-title":"disabled","ast-breadcrumbs-content":"","ast-featured-img":"disabled","footer-sml-layout":"","theme-transparent-header-meta":"disabled","adv-header-id-meta":"","stick-header-meta":"","header-above-stick-meta":"","header-main-stick-meta":"","header-below-stick-meta":"","astra-migrate-meta-layouts":"default","ast-page-background-enabled":"default","ast-page-background-meta":{"desktop":{"background-color":"var(--ast-global-color-4)","background-image":"","background-repeat":"repeat","background-position":"center center","background-size":"auto","background-attachment":"scroll","background-type":"","background-media":"","overlay-type":"","overlay-color":"","overlay-opacity":"","overlay-gradient":""},"tablet":{"background-color":"","background-image":"","background-repeat":"repeat","background-position":"center center","background-size":"auto","background-attachment":"scroll","background-type":"","background-media":"","overlay-type":"","overlay-color":"","overlay-opacity":"","overlay-gradient":""},"mobile":{"background-color":"","background-image":"","background-repeat":"repeat","background-position":"center center","background-size":"auto","background-attachment":"scroll","background-type":"","background-media":"","overlay-type":"","overlay-color":"","overlay-opacity":"","overlay-gradient":""}},"ast-content-background-meta":{"desktop":{"background-color":"var(--ast-global-color-5)","background-image":"","background-repeat":"repeat","background-position":"center center","background-size":"auto","background-attachment":"scroll","background-type":"","background-media":"","overlay-type":"","overlay-color":"","overlay-opacity":"","overlay-gradient":""},"tablet":{"background-color":"var(--ast-global-color-5)","background-image":"","background-repeat":"repeat","background-position":"center center","background-size":"auto","background-attachment":"scroll","background-type":"","background-media":"","overlay-type":"","overlay-color":"","overlay-opacity":"","overlay-gradient":""},"mobile":{"background-color":"var(--ast-global-color-5)","background-image":"","background-repeat":"repeat","background-position":"center center","background-size":"auto","background-attachment":"scroll","background-type":"","background-media":"","overlay-type":"","overlay-color":"","overlay-opacity":"","overlay-gradient":""}},"footnotes":""},"class_list":["post-5344","page","type-page","status-publish","hentry"],"acf":[],"yoast_head":"<!-- This site is optimized with the Yoast SEO plugin v25.2 - https:\/\/yoast.com\/wordpress\/plugins\/seo\/ -->\n<title>Membres individuels - SIGEGS - Schweizerische Interessengemeinschaft zur Erhaltung von Grafik und Schriftgut<\/title>\n<meta name=\"robots\" content=\"index, follow, max-snippet:-1, max-image-preview:large, max-video-preview:-1\" \/>\n<link rel=\"canonical\" href=\"https:\/\/www.sigegs.ch\/fr\/membres-individuels\/\" \/>\n<meta property=\"og:locale\" content=\"fr_FR\" \/>\n<meta property=\"og:type\" content=\"article\" \/>\n<meta property=\"og:title\" content=\"Membres individuels - SIGEGS - Schweizerische Interessengemeinschaft zur Erhaltung von Grafik und Schriftgut\" \/>\n<meta property=\"og:description\" content=\"Membres individuels La SIGEGS compte 49 membres individuels. Ci-dessous, les membres qui peuvent \u00eatre cit\u00e9s : &nbsp; Atelier de restauration du couvent des Cordeliers Atelier Michael Rothe Atelier Simone Flubacher B\u00e4chler Meret , Restauration de documents Baumgartner Luise Boillat Pierre Bucher Cordelia Dauwalder Lea Drechsel Berit Ebneter Agatha, Restaurations de livres Fritschi Markus , CURESYS [&hellip;]\" \/>\n<meta property=\"og:url\" content=\"https:\/\/www.sigegs.ch\/fr\/membres-individuels\/\" \/>\n<meta property=\"og:site_name\" content=\"SIGEGS - Schweizerische Interessengemeinschaft zur Erhaltung von Grafik und Schriftgut\" \/>\n<meta property=\"article:modified_time\" content=\"2025-12-23T08:03:10+00:00\" \/>\n<meta name=\"twitter:card\" content=\"summary_large_image\" \/>\n<meta name=\"twitter:label1\" content=\"Dur\u00e9e de lecture estim\u00e9e\" \/>\n\t<meta name=\"twitter:data1\" content=\"1 minute\" \/>\n<script type=\"application\/ld+json\" class=\"yoast-schema-graph\">{\"@context\":\"https:\/\/schema.org\",\"@graph\":[{\"@type\":\"WebPage\",\"@id\":\"https:\/\/www.sigegs.ch\/fr\/membres-individuels\/\",\"url\":\"https:\/\/www.sigegs.ch\/fr\/membres-individuels\/\",\"name\":\"Membres individuels - SIGEGS - Schweizerische Interessengemeinschaft zur Erhaltung von Grafik und Schriftgut\",\"isPartOf\":{\"@id\":\"https:\/\/www.sigegs.ch\/fr\/#website\"},\"datePublished\":\"2021-11-21T15:14:19+00:00\",\"dateModified\":\"2025-12-23T08:03:10+00:00\",\"breadcrumb\":{\"@id\":\"https:\/\/www.sigegs.ch\/fr\/membres-individuels\/#breadcrumb\"},\"inLanguage\":\"fr-FR\",\"potentialAction\":[{\"@type\":\"ReadAction\",\"target\":[\"https:\/\/www.sigegs.ch\/fr\/membres-individuels\/\"]}]},{\"@type\":\"BreadcrumbList\",\"@id\":\"https:\/\/www.sigegs.ch\/fr\/membres-individuels\/#breadcrumb\",\"itemListElement\":[{\"@type\":\"ListItem\",\"position\":1,\"name\":\"Startseite\",\"item\":\"https:\/\/www.sigegs.ch\/fr\/accueil\/\"},{\"@type\":\"ListItem\",\"position\":2,\"name\":\"Membres individuels\"}]},{\"@type\":\"WebSite\",\"@id\":\"https:\/\/www.sigegs.ch\/fr\/#website\",\"url\":\"https:\/\/www.sigegs.ch\/fr\/\",\"name\":\"SIGEGS - Schweizerische Interessengemeinschaft zur Erhaltung von Grafik und Schriftgut\",\"description\":\"Schweizerische Interessengemeinschaft zur Erhaltung von Grafik und Schriftgut\",\"publisher\":{\"@id\":\"https:\/\/www.sigegs.ch\/fr\/#organization\"},\"potentialAction\":[{\"@type\":\"SearchAction\",\"target\":{\"@type\":\"EntryPoint\",\"urlTemplate\":\"https:\/\/www.sigegs.ch\/fr\/?s={search_term_string}\"},\"query-input\":{\"@type\":\"PropertyValueSpecification\",\"valueRequired\":true,\"valueName\":\"search_term_string\"}}],\"inLanguage\":\"fr-FR\"},{\"@type\":\"Organization\",\"@id\":\"https:\/\/www.sigegs.ch\/fr\/#organization\",\"name\":\"SIGEGS - Schweizerische Interessengemeinschaft zur Erhaltung von Grafik und Schriftgut\",\"url\":\"https:\/\/www.sigegs.ch\/fr\/\",\"logo\":{\"@type\":\"ImageObject\",\"inLanguage\":\"fr-FR\",\"@id\":\"https:\/\/www.sigegs.ch\/fr\/#\/schema\/logo\/image\/\",\"url\":\"https:\/\/www.sigegs.ch\/wp-content\/uploads\/2023\/06\/sigegs-logo.svg\",\"contentUrl\":\"https:\/\/www.sigegs.ch\/wp-content\/uploads\/2023\/06\/sigegs-logo.svg\",\"width\":274,\"height\":48,\"caption\":\"SIGEGS - Schweizerische Interessengemeinschaft zur Erhaltung von Grafik und Schriftgut\"},\"image\":{\"@id\":\"https:\/\/www.sigegs.ch\/fr\/#\/schema\/logo\/image\/\"}}]}<\/script>\n<!-- \/ Yoast SEO plugin. -->","yoast_head_json":{"title":"Membres individuels - SIGEGS - Schweizerische Interessengemeinschaft zur Erhaltung von Grafik und Schriftgut","robots":{"index":"index","follow":"follow","max-snippet":"max-snippet:-1","max-image-preview":"max-image-preview:large","max-video-preview":"max-video-preview:-1"},"canonical":"https:\/\/www.sigegs.ch\/fr\/membres-individuels\/","og_locale":"fr_FR","og_type":"article","og_title":"Membres individuels - SIGEGS - Schweizerische Interessengemeinschaft zur Erhaltung von Grafik und Schriftgut","og_description":"Membres individuels La SIGEGS compte 49 membres individuels. Ci-dessous, les membres qui peuvent \u00eatre cit\u00e9s : &nbsp; Atelier de restauration du couvent des Cordeliers Atelier Michael Rothe Atelier Simone Flubacher B\u00e4chler Meret , Restauration de documents Baumgartner Luise Boillat Pierre Bucher Cordelia Dauwalder Lea Drechsel Berit Ebneter Agatha, Restaurations de livres Fritschi Markus , CURESYS [&hellip;]","og_url":"https:\/\/www.sigegs.ch\/fr\/membres-individuels\/","og_site_name":"SIGEGS - Schweizerische Interessengemeinschaft zur Erhaltung von Grafik und Schriftgut","article_modified_time":"2025-12-23T08:03:10+00:00","twitter_card":"summary_large_image","twitter_misc":{"Dur\u00e9e de lecture estim\u00e9e":"1 minute"},"schema":{"@context":"https:\/\/schema.org","@graph":[{"@type":"WebPage","@id":"https:\/\/www.sigegs.ch\/fr\/membres-individuels\/","url":"https:\/\/www.sigegs.ch\/fr\/membres-individuels\/","name":"Membres individuels - SIGEGS - Schweizerische Interessengemeinschaft zur Erhaltung von Grafik und Schriftgut","isPartOf":{"@id":"https:\/\/www.sigegs.ch\/fr\/#website"},"datePublished":"2021-11-21T15:14:19+00:00","dateModified":"2025-12-23T08:03:10+00:00","breadcrumb":{"@id":"https:\/\/www.sigegs.ch\/fr\/membres-individuels\/#breadcrumb"},"inLanguage":"fr-FR","potentialAction":[{"@type":"ReadAction","target":["https:\/\/www.sigegs.ch\/fr\/membres-individuels\/"]}]},{"@type":"BreadcrumbList","@id":"https:\/\/www.sigegs.ch\/fr\/membres-individuels\/#breadcrumb","itemListElement":[{"@type":"ListItem","position":1,"name":"Startseite","item":"https:\/\/www.sigegs.ch\/fr\/accueil\/"},{"@type":"ListItem","position":2,"name":"Membres individuels"}]},{"@type":"WebSite","@id":"https:\/\/www.sigegs.ch\/fr\/#website","url":"https:\/\/www.sigegs.ch\/fr\/","name":"SIGEGS - Schweizerische Interessengemeinschaft zur Erhaltung von Grafik und Schriftgut","description":"Schweizerische Interessengemeinschaft zur Erhaltung von Grafik und Schriftgut","publisher":{"@id":"https:\/\/www.sigegs.ch\/fr\/#organization"},"potentialAction":[{"@type":"SearchAction","target":{"@type":"EntryPoint","urlTemplate":"https:\/\/www.sigegs.ch\/fr\/?s={search_term_string}"},"query-input":{"@type":"PropertyValueSpecification","valueRequired":true,"valueName":"search_term_string"}}],"inLanguage":"fr-FR"},{"@type":"Organization","@id":"https:\/\/www.sigegs.ch\/fr\/#organization","name":"SIGEGS - Schweizerische Interessengemeinschaft zur Erhaltung von Grafik und Schriftgut","url":"https:\/\/www.sigegs.ch\/fr\/","logo":{"@type":"ImageObject","inLanguage":"fr-FR","@id":"https:\/\/www.sigegs.ch\/fr\/#\/schema\/logo\/image\/","url":"https:\/\/www.sigegs.ch\/wp-content\/uploads\/2023\/06\/sigegs-logo.svg","contentUrl":"https:\/\/www.sigegs.ch\/wp-content\/uploads\/2023\/06\/sigegs-logo.svg","width":274,"height":48,"caption":"SIGEGS - Schweizerische Interessengemeinschaft zur Erhaltung von Grafik und Schriftgut"},"image":{"@id":"https:\/\/www.sigegs.ch\/fr\/#\/schema\/logo\/image\/"}}]}},"_links":{"self":[{"href":"https:\/\/www.sigegs.ch\/fr\/wp-json\/wp\/v2\/pages\/5344","targetHints":{"allow":["GET"]}}],"collection":[{"href":"https:\/\/www.sigegs.ch\/fr\/wp-json\/wp\/v2\/pages"}],"about":[{"href":"https:\/\/www.sigegs.ch\/fr\/wp-json\/wp\/v2\/types\/page"}],"author":[{"embeddable":true,"href":"https:\/\/www.sigegs.ch\/fr\/wp-json\/wp\/v2\/users\/1"}],"replies":[{"embeddable":true,"href":"https:\/\/www.sigegs.ch\/fr\/wp-json\/wp\/v2\/comments?post=5344"}],"version-history":[{"count":8,"href":"https:\/\/www.sigegs.ch\/fr\/wp-json\/wp\/v2\/pages\/5344\/revisions"}],"predecessor-version":[{"id":5640,"href":"https:\/\/www.sigegs.ch\/fr\/wp-json\/wp\/v2\/pages\/5344\/revisions\/5640"}],"wp:attachment":[{"href":"https:\/\/www.sigegs.ch\/fr\/wp-json\/wp\/v2\/media?parent=5344"}],"curies":[{"name":"wp","href":"https:\/\/api.w.org\/{rel}","templated":true}]}}