{"id":5367,"date":"2023-06-20T12:24:42","date_gmt":"2023-06-20T12:24:42","guid":{"rendered":"https:\/\/www.sigegs.ch\/institutions\/"},"modified":"2025-10-21T07:07:32","modified_gmt":"2025-10-21T07:07:32","slug":"institutions","status":"publish","type":"page","link":"https:\/\/www.sigegs.ch\/fr\/institutions\/","title":{"rendered":"Institutions"},"content":{"rendered":"\t\t<div data-elementor-type=\"wp-page\" data-elementor-id=\"5367\" class=\"elementor elementor-5367 elementor-1474\" data-elementor-post-type=\"page\">\n\t\t\t\t\t\t<section class=\"elementor-section elementor-top-section elementor-element elementor-element-21051027 elementor-section-height-min-height elementor-section-boxed elementor-section-height-default elementor-section-items-middle\" data-id=\"21051027\" data-element_type=\"section\" data-settings=\"{&quot;background_background&quot;:&quot;classic&quot;}\">\n\t\t\t\t\t\t\t<div class=\"elementor-background-overlay\"><\/div>\n\t\t\t\t\t\t\t<div class=\"elementor-container elementor-column-gap-default\">\n\t\t\t\t\t<div class=\"elementor-column elementor-col-100 elementor-top-column elementor-element elementor-element-57095af0\" data-id=\"57095af0\" data-element_type=\"column\">\n\t\t\t<div class=\"elementor-widget-wrap elementor-element-populated\">\n\t\t\t\t\t\t<div class=\"elementor-element elementor-element-69b45848 elementor-widget elementor-widget-heading\" data-id=\"69b45848\" data-element_type=\"widget\" data-widget_type=\"heading.default\">\n\t\t\t\t<div class=\"elementor-widget-container\">\n\t\t\t\t\t<h1 class=\"elementor-heading-title elementor-size-default\">Institutions<\/h1>\t\t\t\t<\/div>\n\t\t\t\t<\/div>\n\t\t\t\t\t<\/div>\n\t\t<\/div>\n\t\t\t\t\t<\/div>\n\t\t<\/section>\n\t\t\t\t<section class=\"elementor-section elementor-top-section elementor-element elementor-element-4a143e1b elementor-section-boxed elementor-section-height-default elementor-section-height-default\" data-id=\"4a143e1b\" data-element_type=\"section\">\n\t\t\t\t\t\t<div class=\"elementor-container elementor-column-gap-default\">\n\t\t\t\t\t<div class=\"elementor-column elementor-col-100 elementor-top-column elementor-element elementor-element-49f810a1\" data-id=\"49f810a1\" data-element_type=\"column\">\n\t\t\t<div class=\"elementor-widget-wrap elementor-element-populated\">\n\t\t\t\t\t\t<div class=\"elementor-element elementor-element-1a7c49af elementor-widget elementor-widget-text-editor\" data-id=\"1a7c49af\" data-element_type=\"widget\" data-widget_type=\"text-editor.default\">\n\t\t\t\t<div class=\"elementor-widget-container\">\n\t\t\t\t\t\t\t\t\t<p><span style=\"font-style: inherit; font-weight: inherit; color: var(--ast-global-color-3);\">La SIGEGS compte 41 institutions en tant que membres. <\/span><span style=\"color: var(--ast-global-color-3); font-size: 1rem;\">Ci-dessous, les membres qui peuvent \u00eatre cit\u00e9s :<\/span><\/p><p><span style=\"color: var(--ast-global-color-3); font-size: 1rem;\">\u00a0<\/span><\/p><ul><li><a href=\"https:\/\/abegg-stiftung.ch\/bibliothek\/\" target=\"_blank\" rel=\"noopener\">Abegg-Stiftung<\/a><\/li><li><a href=\"https:\/\/www.sz.ch\/behoerden\/verwaltung\/bidungsdepartement\/amt-fuer-kultur.html\/8756-8758-8802-9466-9471\" target=\"_blank\" rel=\"noopener\">Amt f\u00fcr Kultur<\/a><\/li><li><a class=\"external-link-new-window\" href=\"https:\/\/www.vd.ch\/themes\/etat-droit-finances\/archives-cantonales\/\" target=\"_blank\" rel=\"noopener\">Archives cantonales vaudoises<\/a><\/li><li><a class=\"external-link-new-window\" href=\"http:\/\/www.guisanplatz.ch\/\" target=\"_blank\" rel=\"noopener\">Bibliothek am Guisanplatz<\/a><\/li><li><a href=\"https:\/\/www.bibliothekfuergestaltung.ch\/\" target=\"_blank\" rel=\"noopener\">Bibliothek f\u00fcr Gestaltung Basel<\/a><\/li><li>Biblioth\u00e8que cantonale et universitaire BCU Lausanne<\/li><li><a href=\"http:\/\/institutions.ville-geneve.ch\/fr\/bge\/\" target=\"_blank\" rel=\"noopener\">Biblioth\u00e8que de Gen\u00e8ve<\/a><\/li><li><a class=\"external-link-new-window\" href=\"http:\/\/bpun.unine.ch\/\" target=\"_blank\" rel=\"noopener\">Biblioth\u00e8que publique et universitaire de Neuch\u00e2tel<\/a><\/li><li><a href=\"https:\/\/www.ag.ch\/de\/verwaltung\/bks\/kultur\/kulturpflege\/bibliothek-archiv\">Bibliothek und Archiv Aargau<\/a><\/li><li><a href=\"https:\/\/www.burgerbib.ch\/de\" target=\"_blank\" rel=\"noopener\">Burgerbibliothek Bern<\/a><\/li><li><a href=\"https:\/\/www.cinematheque.ch\/\">cin\u00e9math\u00e8que suisse<\/a><\/li><li><a href=\"https:\/\/www.docusave.ch\/de\" target=\"_blank\" rel=\"noopener\">docusave AG<\/a><\/li><li><a href=\"https:\/\/www.gemeindedavos.ch\/dokumentationsbibliothek\" target=\"_blank\" rel=\"noopener\">Dokumentationsbibliothek Davos<\/a><\/li><li><a href=\"https:\/\/www.frauenkulturarchiv.ch\/\">Frauenkulturarchiv Graub\u00fcnden<\/a><\/li><li><a href=\"https:\/\/www.gosteli-foundation.ch\/de\" target=\"_blank\" rel=\"noopener\">Gosteli-Stiftung<\/a><\/li><li><a href=\"https:\/\/gs.ethz.ch\/\">Graphische Sammlung ETH Z\u00fcrich<\/a><\/li><li><a href=\"https:\/\/www.gr.ch\/DE\/institutionen\/verwaltung\/ekud\/afk\/kbg\/Seiten\/welcome.aspx\" target=\"_blank\" rel=\"noopener\">Kantonsbibliothek Graub\u00fcnden<\/a><\/li><li><a href=\"https:\/\/kantonsbibliothek.tg.ch\/\" target=\"_blank\" rel=\"noopener\">Kantonsbibliothek Thurgau<\/a><\/li><li><a href=\"https:\/\/www.kbu.ch\/\" target=\"_blank\" rel=\"noopener\">Kantonsbibliothek Uri<\/a><\/li><li><a href=\"https:\/\/www.sg.ch\/kultur\/kantonsbibliothek-vadiana.html\" target=\"_blank\" rel=\"noopener\">Kantonsbibliothek Vadiana<\/a><\/li><li><a href=\"https:\/\/www.llv.li\/de\/landesverwaltung\/amt-fuer-kultur\/landesarchiv\">Liechtensteinisches Landesarchiv<\/a><\/li><li><a href=\"https:\/\/ub.unibas.ch\/de\/\" target=\"_blank\" rel=\"noopener\">Universit\u00e4tsbibliothek Basel<\/a><\/li><li><a href=\"https:\/\/www.ub.unibe.ch\/ub\/index_ger.html\" target=\"_blank\" rel=\"noopener\">Universit\u00e4tsbibliothek Bern<\/a><\/li><li><a href=\"https:\/\/www.sbbhistoric.ch\/\" target=\"_blank\" rel=\"noopener\">SBB Historic &#8211; Stiftung historisches Erbe der SBB<\/a><\/li><li><p><a href=\"http:\/\/www.bar.admin.ch\" target=\"_blank\" rel=\"noopener\">Schweizerisches Bundesarchiv BAR<\/a><\/p><\/li><li><a href=\"https:\/\/www.nb.admin.ch\/snl\/de\/home.html\" target=\"_blank\" rel=\"noopener\">Schweizerische Nationalbibliothek NB<\/a><\/li><li><a href=\"https:\/\/www.staatsarchiv.bs.ch\/?navopen=search&amp;search=nastke\" target=\"_blank\" rel=\"noopener\">Staatsarchiv Basel-Stadt<\/a><\/li><li><a href=\"https:\/\/www.bern.ch\/politik-und-verwaltung\/stadtverwaltung\/sk\/stadtarchiv\" target=\"_blank\" rel=\"noopener\">Stadtsarchiv Bern<\/a><\/li><li><a href=\"https:\/\/www.staatsarchiv.sta.be.ch\/de\/start.html\" target=\"_blank\" rel=\"noopener\">Staatsarchiv des Kantons Bern<\/a><\/li><li><a href=\"https:\/\/www.zh.ch\/de\/direktion-der-justiz-und-des-innern\/staatsarchiv.html\">Staatsarchiv des Kantons Z\u00fcrich<\/a><\/li><li><a href=\"https:\/\/www.ow.ch\/aemter\/156\">Staatsarchiv Obwalden<\/a><\/li><li><a href=\"https:\/\/sh.ch\/CMS\/Webseite\/Kanton-Schaffhausen\/Beh-rde\/Regierung\/Staatskanzlei\/Staatsarchiv-3936-DE.html\" target=\"_blank\" rel=\"noopener\">Staatsarchiv Schaffhausen<\/a><\/li><li><a href=\"https:\/\/www.staur.ch\/\">Staatsarchiv Uri<\/a><\/li><li><a href=\"https:\/\/zbsolothurn.ch\/\" target=\"_blank\" rel=\"noopener\">Zentralbibliothek Solothurn<\/a><\/li><li><a href=\"https:\/\/www.zb.uzh.ch\/de\" target=\"_blank\" rel=\"noopener\">Zentralbibliothek Z\u00fcrich<\/a><\/li><li><a class=\"external-link-new-window\" href=\"http:\/\/www.zhbluzern.ch\/\" target=\"_blank\" rel=\"noopener\">Zentral- und Hochschulbibliothek Luzern<\/a><\/li><\/ul>\t\t\t\t\t\t\t\t<\/div>\n\t\t\t\t<\/div>\n\t\t\t\t\t<\/div>\n\t\t<\/div>\n\t\t\t\t\t<\/div>\n\t\t<\/section>\n\t\t\t\t<\/div>\n\t\t","protected":false},"excerpt":{"rendered":"<p>Institutions La SIGEGS compte 41 institutions en tant que membres. Ci-dessous, les membres qui peuvent \u00eatre cit\u00e9s : \u00a0 Abegg-Stiftung Amt f\u00fcr Kultur Archives cantonales vaudoises Bibliothek am Guisanplatz Bibliothek f\u00fcr Gestaltung Basel Biblioth\u00e8que cantonale et universitaire BCU Lausanne Biblioth\u00e8que de Gen\u00e8ve Biblioth\u00e8que publique et universitaire de Neuch\u00e2tel Bibliothek und Archiv Aargau Burgerbibliothek Bern cin\u00e9math\u00e8que [&hellip;]<\/p>\n","protected":false},"author":2,"featured_media":0,"parent":0,"menu_order":0,"comment_status":"closed","ping_status":"closed","template":"","meta":{"_acf_changed":false,"site-sidebar-layout":"no-sidebar","site-content-layout":"page-builder","ast-site-content-layout":"","site-content-style":"default","site-sidebar-style":"default","ast-global-header-display":"","ast-banner-title-visibility":"","ast-main-header-display":"","ast-hfb-above-header-display":"","ast-hfb-below-header-display":"","ast-hfb-mobile-header-display":"","site-post-title":"disabled","ast-breadcrumbs-content":"","ast-featured-img":"disabled","footer-sml-layout":"","theme-transparent-header-meta":"","adv-header-id-meta":"","stick-header-meta":"","header-above-stick-meta":"","header-main-stick-meta":"","header-below-stick-meta":"","astra-migrate-meta-layouts":"default","ast-page-background-enabled":"default","ast-page-background-meta":{"desktop":{"background-color":"var(--ast-global-color-4)","background-image":"","background-repeat":"repeat","background-position":"center center","background-size":"auto","background-attachment":"scroll","background-type":"","background-media":"","overlay-type":"","overlay-color":"","overlay-opacity":"","overlay-gradient":""},"tablet":{"background-color":"","background-image":"","background-repeat":"repeat","background-position":"center center","background-size":"auto","background-attachment":"scroll","background-type":"","background-media":"","overlay-type":"","overlay-color":"","overlay-opacity":"","overlay-gradient":""},"mobile":{"background-color":"","background-image":"","background-repeat":"repeat","background-position":"center center","background-size":"auto","background-attachment":"scroll","background-type":"","background-media":"","overlay-type":"","overlay-color":"","overlay-opacity":"","overlay-gradient":""}},"ast-content-background-meta":{"desktop":{"background-color":"var(--ast-global-color-5)","background-image":"","background-repeat":"repeat","background-position":"center center","background-size":"auto","background-attachment":"scroll","background-type":"","background-media":"","overlay-type":"","overlay-color":"","overlay-opacity":"","overlay-gradient":""},"tablet":{"background-color":"var(--ast-global-color-5)","background-image":"","background-repeat":"repeat","background-position":"center center","background-size":"auto","background-attachment":"scroll","background-type":"","background-media":"","overlay-type":"","overlay-color":"","overlay-opacity":"","overlay-gradient":""},"mobile":{"background-color":"var(--ast-global-color-5)","background-image":"","background-repeat":"repeat","background-position":"center center","background-size":"auto","background-attachment":"scroll","background-type":"","background-media":"","overlay-type":"","overlay-color":"","overlay-opacity":"","overlay-gradient":""}},"footnotes":""},"class_list":["post-5367","page","type-page","status-publish","hentry"],"acf":[],"yoast_head":"<!-- This site is optimized with the Yoast SEO plugin v25.2 - https:\/\/yoast.com\/wordpress\/plugins\/seo\/ -->\n<title>Institutions - SIGEGS - Schweizerische Interessengemeinschaft zur Erhaltung von Grafik und Schriftgut<\/title>\n<meta name=\"robots\" content=\"index, follow, max-snippet:-1, max-image-preview:large, max-video-preview:-1\" \/>\n<link rel=\"canonical\" href=\"https:\/\/www.sigegs.ch\/fr\/institutions\/\" \/>\n<meta property=\"og:locale\" content=\"fr_FR\" \/>\n<meta property=\"og:type\" content=\"article\" \/>\n<meta property=\"og:title\" content=\"Institutions - SIGEGS - Schweizerische Interessengemeinschaft zur Erhaltung von Grafik und Schriftgut\" \/>\n<meta property=\"og:description\" content=\"Institutions La SIGEGS compte 41 institutions en tant que membres. Ci-dessous, les membres qui peuvent \u00eatre cit\u00e9s : \u00a0 Abegg-Stiftung Amt f\u00fcr Kultur Archives cantonales vaudoises Bibliothek am Guisanplatz Bibliothek f\u00fcr Gestaltung Basel Biblioth\u00e8que cantonale et universitaire BCU Lausanne Biblioth\u00e8que de Gen\u00e8ve Biblioth\u00e8que publique et universitaire de Neuch\u00e2tel Bibliothek und Archiv Aargau Burgerbibliothek Bern cin\u00e9math\u00e8que [&hellip;]\" \/>\n<meta property=\"og:url\" content=\"https:\/\/www.sigegs.ch\/fr\/institutions\/\" \/>\n<meta property=\"og:site_name\" content=\"SIGEGS - Schweizerische Interessengemeinschaft zur Erhaltung von Grafik und Schriftgut\" \/>\n<meta property=\"article:modified_time\" content=\"2025-10-21T07:07:32+00:00\" \/>\n<meta name=\"twitter:card\" content=\"summary_large_image\" \/>\n<meta name=\"twitter:label1\" content=\"Dur\u00e9e de lecture estim\u00e9e\" \/>\n\t<meta name=\"twitter:data1\" content=\"1 minute\" \/>\n<script type=\"application\/ld+json\" class=\"yoast-schema-graph\">{\"@context\":\"https:\/\/schema.org\",\"@graph\":[{\"@type\":\"WebPage\",\"@id\":\"https:\/\/www.sigegs.ch\/fr\/institutions\/\",\"url\":\"https:\/\/www.sigegs.ch\/fr\/institutions\/\",\"name\":\"Institutions - SIGEGS - Schweizerische Interessengemeinschaft zur Erhaltung von Grafik und Schriftgut\",\"isPartOf\":{\"@id\":\"https:\/\/www.sigegs.ch\/fr\/#website\"},\"datePublished\":\"2023-06-20T12:24:42+00:00\",\"dateModified\":\"2025-10-21T07:07:32+00:00\",\"breadcrumb\":{\"@id\":\"https:\/\/www.sigegs.ch\/fr\/institutions\/#breadcrumb\"},\"inLanguage\":\"fr-FR\",\"potentialAction\":[{\"@type\":\"ReadAction\",\"target\":[\"https:\/\/www.sigegs.ch\/fr\/institutions\/\"]}]},{\"@type\":\"BreadcrumbList\",\"@id\":\"https:\/\/www.sigegs.ch\/fr\/institutions\/#breadcrumb\",\"itemListElement\":[{\"@type\":\"ListItem\",\"position\":1,\"name\":\"Startseite\",\"item\":\"https:\/\/www.sigegs.ch\/fr\/accueil\/\"},{\"@type\":\"ListItem\",\"position\":2,\"name\":\"Institutions\"}]},{\"@type\":\"WebSite\",\"@id\":\"https:\/\/www.sigegs.ch\/fr\/#website\",\"url\":\"https:\/\/www.sigegs.ch\/fr\/\",\"name\":\"SIGEGS - Schweizerische Interessengemeinschaft zur Erhaltung von Grafik und Schriftgut\",\"description\":\"Schweizerische Interessengemeinschaft zur Erhaltung von Grafik und Schriftgut\",\"publisher\":{\"@id\":\"https:\/\/www.sigegs.ch\/fr\/#organization\"},\"potentialAction\":[{\"@type\":\"SearchAction\",\"target\":{\"@type\":\"EntryPoint\",\"urlTemplate\":\"https:\/\/www.sigegs.ch\/fr\/?s={search_term_string}\"},\"query-input\":{\"@type\":\"PropertyValueSpecification\",\"valueRequired\":true,\"valueName\":\"search_term_string\"}}],\"inLanguage\":\"fr-FR\"},{\"@type\":\"Organization\",\"@id\":\"https:\/\/www.sigegs.ch\/fr\/#organization\",\"name\":\"SIGEGS - Schweizerische Interessengemeinschaft zur Erhaltung von Grafik und Schriftgut\",\"url\":\"https:\/\/www.sigegs.ch\/fr\/\",\"logo\":{\"@type\":\"ImageObject\",\"inLanguage\":\"fr-FR\",\"@id\":\"https:\/\/www.sigegs.ch\/fr\/#\/schema\/logo\/image\/\",\"url\":\"https:\/\/www.sigegs.ch\/wp-content\/uploads\/2023\/06\/sigegs-logo.svg\",\"contentUrl\":\"https:\/\/www.sigegs.ch\/wp-content\/uploads\/2023\/06\/sigegs-logo.svg\",\"width\":274,\"height\":48,\"caption\":\"SIGEGS - Schweizerische Interessengemeinschaft zur Erhaltung von Grafik und Schriftgut\"},\"image\":{\"@id\":\"https:\/\/www.sigegs.ch\/fr\/#\/schema\/logo\/image\/\"}}]}<\/script>\n<!-- \/ Yoast SEO plugin. -->","yoast_head_json":{"title":"Institutions - SIGEGS - Schweizerische Interessengemeinschaft zur Erhaltung von Grafik und Schriftgut","robots":{"index":"index","follow":"follow","max-snippet":"max-snippet:-1","max-image-preview":"max-image-preview:large","max-video-preview":"max-video-preview:-1"},"canonical":"https:\/\/www.sigegs.ch\/fr\/institutions\/","og_locale":"fr_FR","og_type":"article","og_title":"Institutions - SIGEGS - Schweizerische Interessengemeinschaft zur Erhaltung von Grafik und Schriftgut","og_description":"Institutions La SIGEGS compte 41 institutions en tant que membres. Ci-dessous, les membres qui peuvent \u00eatre cit\u00e9s : \u00a0 Abegg-Stiftung Amt f\u00fcr Kultur Archives cantonales vaudoises Bibliothek am Guisanplatz Bibliothek f\u00fcr Gestaltung Basel Biblioth\u00e8que cantonale et universitaire BCU Lausanne Biblioth\u00e8que de Gen\u00e8ve Biblioth\u00e8que publique et universitaire de Neuch\u00e2tel Bibliothek und Archiv Aargau Burgerbibliothek Bern cin\u00e9math\u00e8que [&hellip;]","og_url":"https:\/\/www.sigegs.ch\/fr\/institutions\/","og_site_name":"SIGEGS - Schweizerische Interessengemeinschaft zur Erhaltung von Grafik und Schriftgut","article_modified_time":"2025-10-21T07:07:32+00:00","twitter_card":"summary_large_image","twitter_misc":{"Dur\u00e9e de lecture estim\u00e9e":"1 minute"},"schema":{"@context":"https:\/\/schema.org","@graph":[{"@type":"WebPage","@id":"https:\/\/www.sigegs.ch\/fr\/institutions\/","url":"https:\/\/www.sigegs.ch\/fr\/institutions\/","name":"Institutions - SIGEGS - Schweizerische Interessengemeinschaft zur Erhaltung von Grafik und Schriftgut","isPartOf":{"@id":"https:\/\/www.sigegs.ch\/fr\/#website"},"datePublished":"2023-06-20T12:24:42+00:00","dateModified":"2025-10-21T07:07:32+00:00","breadcrumb":{"@id":"https:\/\/www.sigegs.ch\/fr\/institutions\/#breadcrumb"},"inLanguage":"fr-FR","potentialAction":[{"@type":"ReadAction","target":["https:\/\/www.sigegs.ch\/fr\/institutions\/"]}]},{"@type":"BreadcrumbList","@id":"https:\/\/www.sigegs.ch\/fr\/institutions\/#breadcrumb","itemListElement":[{"@type":"ListItem","position":1,"name":"Startseite","item":"https:\/\/www.sigegs.ch\/fr\/accueil\/"},{"@type":"ListItem","position":2,"name":"Institutions"}]},{"@type":"WebSite","@id":"https:\/\/www.sigegs.ch\/fr\/#website","url":"https:\/\/www.sigegs.ch\/fr\/","name":"SIGEGS - Schweizerische Interessengemeinschaft zur Erhaltung von Grafik und Schriftgut","description":"Schweizerische Interessengemeinschaft zur Erhaltung von Grafik und Schriftgut","publisher":{"@id":"https:\/\/www.sigegs.ch\/fr\/#organization"},"potentialAction":[{"@type":"SearchAction","target":{"@type":"EntryPoint","urlTemplate":"https:\/\/www.sigegs.ch\/fr\/?s={search_term_string}"},"query-input":{"@type":"PropertyValueSpecification","valueRequired":true,"valueName":"search_term_string"}}],"inLanguage":"fr-FR"},{"@type":"Organization","@id":"https:\/\/www.sigegs.ch\/fr\/#organization","name":"SIGEGS - Schweizerische Interessengemeinschaft zur Erhaltung von Grafik und Schriftgut","url":"https:\/\/www.sigegs.ch\/fr\/","logo":{"@type":"ImageObject","inLanguage":"fr-FR","@id":"https:\/\/www.sigegs.ch\/fr\/#\/schema\/logo\/image\/","url":"https:\/\/www.sigegs.ch\/wp-content\/uploads\/2023\/06\/sigegs-logo.svg","contentUrl":"https:\/\/www.sigegs.ch\/wp-content\/uploads\/2023\/06\/sigegs-logo.svg","width":274,"height":48,"caption":"SIGEGS - Schweizerische Interessengemeinschaft zur Erhaltung von Grafik und Schriftgut"},"image":{"@id":"https:\/\/www.sigegs.ch\/fr\/#\/schema\/logo\/image\/"}}]}},"_links":{"self":[{"href":"https:\/\/www.sigegs.ch\/fr\/wp-json\/wp\/v2\/pages\/5367","targetHints":{"allow":["GET"]}}],"collection":[{"href":"https:\/\/www.sigegs.ch\/fr\/wp-json\/wp\/v2\/pages"}],"about":[{"href":"https:\/\/www.sigegs.ch\/fr\/wp-json\/wp\/v2\/types\/page"}],"author":[{"embeddable":true,"href":"https:\/\/www.sigegs.ch\/fr\/wp-json\/wp\/v2\/users\/2"}],"replies":[{"embeddable":true,"href":"https:\/\/www.sigegs.ch\/fr\/wp-json\/wp\/v2\/comments?post=5367"}],"version-history":[{"count":13,"href":"https:\/\/www.sigegs.ch\/fr\/wp-json\/wp\/v2\/pages\/5367\/revisions"}],"predecessor-version":[{"id":5588,"href":"https:\/\/www.sigegs.ch\/fr\/wp-json\/wp\/v2\/pages\/5367\/revisions\/5588"}],"wp:attachment":[{"href":"https:\/\/www.sigegs.ch\/fr\/wp-json\/wp\/v2\/media?parent=5367"}],"curies":[{"name":"wp","href":"https:\/\/api.w.org\/{rel}","templated":true}]}}